{"id":201,"date":"2025-07-08T05:22:16","date_gmt":"2025-07-07T20:22:16","guid":{"rendered":"https:\/\/lingconf.com\/triplea12\/?page_id=201"},"modified":"2025-09-13T19:42:01","modified_gmt":"2025-09-13T10:42:01","slug":"program","status":"publish","type":"page","link":"https:\/\/lingconf.com\/triplea12\/program\/","title":{"rendered":"Programme"},"content":{"rendered":"\n<p><strong>Note:<\/strong> [S] indicates the presentations accepted in the student category.<\/p>\n\n\n\n<p><\/p>\n\n\n\n<figure>Choose your timezone: <div id=\"timezonewidget\" class=\"selectivity-input\"><\/div><\/figure>\n\n\n\n<p><\/p>\n\n\n\n<h2 class=\"wp-block-heading is-style-default\">Wednesday, 10th of September<\/h2>\n\n\n\n<figure class=\"wp-block-table is-style-regular\"><table><tbody><tr><td>[ccj id=&#8221;time&#8221; time=&#8221;2025-09-10 09:30&#8243;]<\/td><td>Registration<\/td><\/tr><tr><td>[ccj id=&#8221;time&#8221; time=&#8221;2025-09-10 10:00&#8243;]<\/td><td>Welcome<\/td><\/tr><tr><td><\/td><td><strong>Invited Talk<\/strong> (Chair: Hiroki Nomoto)<\/td><\/tr><tr><td>[ccj id=&#8221;time&#8221; time=&#8221;2025-09-10 10:10&#8243;]<\/td><td>Upsorn Tawilapakul (Thammasat University):<br><a href=\"https:\/\/lingconf.com\/triplea12\/wp-content\/uploads\/sites\/17\/2025\/09\/Upsorn.pdf\" data-type=\"attachment\" data-id=\"292\">Shared knowledge or mutual belief?: A case from the particle <em>n\u00e1<\/em> in Thai<\/a><\/td><\/tr><tr><td>[ccj id=&#8221;time&#8221; time=&#8221;2025-09-10 11:10&#8243;]<\/td><td>Break<\/td><\/tr><tr><td><\/td><td><strong>Session 1<\/strong> (Chair: Abdul-Razak Sulemana)<\/td><\/tr><tr><td>[ccj id=&#8221;time&#8221; time=&#8221;2025-09-10 11:20&#8243;]<\/td><td>[Online] Ka-Fai Yip, Comfort Ahenkorah (Yale University):<br><a href=\"http:\/\/lingconf.com\/triplea12\/wp-content\/uploads\/sites\/17\/2025\/07\/51.pdf\">Exclusive focus in Akan and type flexibility<\/a><\/td><\/tr><tr><td>[ccj id=&#8221;time&#8221; time=&#8221;2025-09-10 12:00&#8243;]<\/td><td>Ariela Ye, Aidan Sharma, Jiayuan Chen (Rutgers University):<br><a href=\"http:\/\/lingconf.com\/triplea12\/wp-content\/uploads\/sites\/17\/2025\/07\/58.pdf\">Definiteness and familiarity in Yemba<\/a><\/td><\/tr><tr><td>[ccj id=&#8221;time&#8221; time=&#8221;2025-09-10 12:40&#8243;]<\/td><td>Lunch<\/td><\/tr><tr><td><\/td><td><strong>Session 2<\/strong> (Chair: Maryam Mohammadi)<\/td><\/tr><tr><td>[ccj id=&#8221;time&#8221; time=&#8221;2025-09-10 13:40&#8243;]<\/td><td>J. Cooper Roberts, Yizhen Jiang, Haoming Li (Massachusetts Institute of Technology):<br><a href=\"http:\/\/lingconf.com\/triplea12\/wp-content\/uploads\/sites\/17\/2025\/07\/24.pdf\">How to talk about groups in a language without group nouns: The case of Passamaquoddy<\/a><\/td><\/tr><tr><td>[ccj id=&#8221;time&#8221; time=&#8221;2025-09-10 14:20&#8243;]<\/td><td>Aidan Sharma (Rutgers University):<br><a href=\"http:\/\/lingconf.com\/triplea12\/wp-content\/uploads\/sites\/17\/2025\/07\/54.pdf\">Magahi determiner spreading<\/a><\/td><\/tr><tr><td>[ccj id=&#8221;time&#8221; time=&#8221;2025-09-10 15:00&#8243;]<\/td><td>Break<\/td><\/tr><tr><td><\/td><td><strong>Session 3<\/strong> (Chair: Seunghun Lee)<\/td><\/tr><tr><td>[ccj id=&#8221;time&#8221; time=&#8221;2025-09-10 15:20&#8243;]<\/td><td>[Online] Carla Bombi (Universit\u00e4t Potsdam), Dinah Adom Mac-Arthur (Georg-August Univerist\u00e4t G\u00f6ttingen):<br><a href=\"http:\/\/lingconf.com\/triplea12\/wp-content\/uploads\/sites\/17\/2025\/07\/35.pdf\">Quasi-names in Akan: New semantic fieldwork on definite bare nouns<\/a><\/td><\/tr><tr><td>[ccj id=&#8221;time&#8221; time=&#8221;2025-09-10 16:00&#8243;]<\/td><td>[Online] Virginia Dawson (Western Washington University):<br><a href=\"http:\/\/lingconf.com\/triplea12\/wp-content\/uploads\/sites\/17\/2025\/07\/16.pdf\">Group kin terms in Tiwa: Non-symmetric reciprocal plurals<\/a><\/td><\/tr><tr><td>[ccj id=&#8221;time&#8221; time=&#8221;2025-09-10 16:40&#8243;]<\/td><td>Break<\/td><\/tr><tr><td><\/td><td><strong>Session 4<\/strong> (Chair: Toshiko Oda)<\/td><\/tr><tr><td>[ccj id=&#8221;time&#8221; time=&#8221;2025-09-10 17:00&#8243;]<\/td><td>[S] Margaret Asperheim, Johnny Rudolph (University of California, Berkeley):<br><a href=\"http:\/\/lingconf.com\/triplea12\/wp-content\/uploads\/sites\/17\/2025\/07\/42.pdf\">Mass nouns and number agreement in Nukuoro<\/a><\/td><\/tr><tr><td>[ccj id=&#8221;time&#8221; time=&#8221;2025-09-10 17:30&#8243;]<\/td><td>[S] [Online] Madeline Ladore (Georg-August Universit\u00e4t G\u00f6ttingen):<br><a href=\"http:\/\/lingconf.com\/triplea12\/wp-content\/uploads\/sites\/17\/2025\/07\/32.pdf\">From class to category: The development of the mass-count distinction in Asante Twi<\/a><\/td><\/tr><tr><td>[ccj id=&#8221;time&#8221; time=&#8221;2025-09-10 18:00&#8243;]<\/td><td>End of Day 1<\/td><\/tr><\/tbody><\/table><\/figure>\n\n\n\n<p><\/p>\n\n\n\n<h2 class=\"wp-block-heading\">Thursday, 11th of September<\/h2>\n\n\n\n<figure class=\"wp-block-table is-style-regular\"><table><tbody><tr><td><\/td><td><strong>Invited Talk<\/strong> (Chair: Daisuke Shinagawa)<\/td><\/tr><tr><td>[ccj id=&#8221;time&#8221; time=&#8221;2025-09-11 10:00&#8243;]<\/td><td>John Gluckman (University of Kansas):<br><a href=\"https:\/\/lingconf.com\/triplea12\/wp-content\/uploads\/sites\/17\/2025\/08\/Gluckman.pdf\" data-type=\"attachment\" data-id=\"268\">Manner deixis and complementizers<\/a><\/td><\/tr><tr><td>[ccj id=&#8221;time&#8221; time=&#8221;2025-09-11 11:00&#8243;]<\/td><td>Break<\/td><\/tr><tr><td><\/td><td><strong>Session 5<\/strong> (Chair: Michael Barrie)<\/td><\/tr><tr><td>[ccj id=&#8221;time&#8221; time=&#8221;2025-09-11 11:20&#8243;]<\/td><td>[Online] Ryan Walter Smith (Rutgers University):<br><a href=\"http:\/\/lingconf.com\/triplea12\/wp-content\/uploads\/sites\/17\/2025\/07\/26.pdf\">Decomposing memory reports: A Kurdish perspective<\/a><\/td><\/tr><tr><td>[ccj id=&#8221;time&#8221; time=&#8221;2025-09-11 12:00&#8243;]<\/td><td>Luis Alonso Ovalle, Martina Martinovi\u0107, Junko Shimoyama (McGill University):<br><a href=\"http:\/\/lingconf.com\/triplea12\/wp-content\/uploads\/sites\/17\/2025\/07\/33.pdf\">Event relatives in Wolof<\/a><\/td><\/tr><tr><td>[ccj id=&#8221;time&#8221; time=&#8221;2025-09-11 12:40&#8243;]<\/td><td>Lunch<\/td><\/tr><tr><td><\/td><td><strong>Session 6<\/strong> (Chair: Toshitaka Kitada)<\/td><\/tr><tr><td>[ccj id=&#8221;time&#8221; time=&#8221;2025-09-11 13:40&#8243;]<\/td><td>Minghui Qiu, Xuping Li (Zhejiang University):<br><a href=\"http:\/\/lingconf.com\/triplea12\/wp-content\/uploads\/sites\/17\/2025\/07\/39.pdf\">Approximation via comparison: Mandarin <em>du\u014d<\/em> in numerical expressions<\/a><\/td><\/tr><tr><td>[ccj id=&#8221;time&#8221; time=&#8221;2025-09-11 14:20&#8243;]<\/td><td>Kang Franco Liu (University of California, Berkeley), Huawu Xiang (Shanghai Normal University):<br><a href=\"http:\/\/lingconf.com\/triplea12\/wp-content\/uploads\/sites\/17\/2025\/07\/57.pdf\">Standard-topic comparatives in Northern Tujia<\/a><\/td><\/tr><tr><td>[ccj id=&#8221;time&#8221; time=&#8221;2025-09-11 15:00&#8243;]<\/td><td>Break<\/td><\/tr><tr><td><\/td><td><strong>Session 7<\/strong> (Chair: Upsorn Tawilapakul)<\/td><\/tr><tr><td>[ccj id=&#8221;time&#8221; time=&#8221;2025-09-11 15:20&#8243;]<\/td><td>Maryam Mohammadi (Bielefeld University), Todor Koev (Ben Gurion University):<br><a href=\"http:\/\/lingconf.com\/triplea12\/wp-content\/uploads\/sites\/17\/2025\/07\/22.pdf\">Association with contrastive topic: Farsi <em>ke<\/em> and the need for a topic shift<\/a><\/td><\/tr><tr><td>[ccj id=&#8221;time&#8221; time=&#8221;2025-09-11 16:00&#8243;]<\/td><td>Rong He, Mingming Liu (Tsinghua University):<br><a href=\"http:\/\/lingconf.com\/triplea12\/wp-content\/uploads\/sites\/17\/2025\/07\/21.pdf\">Fragment questions as contrastive topics over QUD<\/a><\/td><\/tr><tr><td>[ccj id=&#8221;time&#8221; time=&#8221;2025-09-11 16:40&#8243;]<\/td><td>Break<\/td><\/tr><tr><td><\/td><td><strong>Session 8<\/strong> (Chair: Sihwei Chen)<\/td><\/tr><tr><td>[ccj id=&#8221;time&#8221; time=&#8221;2025-09-11 17:00&#8243;]<\/td><td>[S] Rong He (Tsinghua University):<br><a href=\"http:\/\/lingconf.com\/triplea12\/wp-content\/uploads\/sites\/17\/2025\/07\/06.pdf\">Mandarin <em>he<\/em>: Conjunction as scalar implicature<\/a><\/td><\/tr><tr><td>[ccj id=&#8221;time&#8221; time=&#8221;2025-09-11 17:30&#8243;]<\/td><td>[S] Sukchan Lee (Seoul National University):<br><a href=\"http:\/\/lingconf.com\/triplea12\/wp-content\/uploads\/sites\/17\/2025\/07\/36.pdf\">Korean <em>-lato<\/em> as additive free choice<\/a><\/td><\/tr><tr><td>[ccj id=&#8221;time&#8221; time=&#8221;2025-09-11 18:00&#8243;]<\/td><td>End of Day 2<\/td><\/tr><\/tbody><\/table><\/figure>\n\n\n\n<p><\/p>\n\n\n\n<h2 class=\"wp-block-heading\">Friday, 12th of September<\/h2>\n\n\n\n<figure class=\"wp-block-table is-style-regular\"><table><tbody><tr><td><\/td><td><strong>Invited Talk<\/strong> (Chair: Keita Kurabe)<\/td><\/tr><tr><td>[ccj id=&#8221;time&#8221; time=&#8221;2025-09-12 10:00&#8243;]<\/td><td>Norikazu Kogura (Tokyo University of Foreign Studies):<br><a href=\"https:\/\/lingconf.com\/triplea12\/wp-content\/uploads\/sites\/17\/2025\/09\/Kogura.pdf\" data-type=\"attachment\" data-id=\"287\">Evidentiality and information structure in Sibe (Xibe)<\/a><\/td><\/tr><tr><td>[ccj id=&#8221;time&#8221; time=&#8221;2025-09-12 11:00&#8243;]<\/td><td>Break<\/td><\/tr><tr><td><\/td><td><strong>Session 9<\/strong> (Chair: Muyi Yang)<\/td><\/tr><tr><td>[ccj id=&#8221;time&#8221; time=&#8221;2025-09-12 11:20&#8243;]<\/td><td>[S] Tim Jantarungsee (University College London), Christopher Davis (University of the Ryukyus), Yasutada Sudo (University College London):<br><a href=\"http:\/\/lingconf.com\/triplea12\/wp-content\/uploads\/sites\/17\/2025\/07\/47.pdf\">Selectional restriction in Mlabri ingestion verbs<\/a><\/td><\/tr><tr><td>[ccj id=&#8221;time&#8221; time=&#8221;2025-09-12 11:50&#8243;]<\/td><td>[S] Anna Kulikova, Daria Sidorkina (HSE University):<br><a href=\"http:\/\/lingconf.com\/triplea12\/wp-content\/uploads\/sites\/17\/2025\/07\/08.pdf\">Past time reference in a language with not-so-optional tense: The case of Forest Nenets<\/a><\/td><\/tr><tr><td>[ccj id=&#8221;time&#8221; time=&#8221;2025-09-12 12:20&#8243;]<\/td><td>Lunch<\/td><\/tr><tr><td><\/td><td><strong>Session 10<\/strong> (Chair: Yasutada Sudo)<\/td><\/tr><tr><td>[ccj id=&#8221;time&#8221; time=&#8221;2025-09-12 13:20&#8243;]<\/td><td>Gune Kim, Michael Barrie (Sogang University):<br><a href=\"http:\/\/lingconf.com\/triplea12\/wp-content\/uploads\/sites\/17\/2025\/07\/34.pdf\">The semantics of past tense in Eastern Tamang<\/a><\/td><\/tr><tr><td>[ccj id=&#8221;time&#8221; time=&#8221;2025-09-12 14:00&#8243;]<\/td><td>[Hybrid] Sihwei Chen, Gan-ling Tan (Academia Sinica):<br><a href=\"http:\/\/lingconf.com\/triplea12\/wp-content\/uploads\/sites\/17\/2025\/07\/18.pdf\">A language with multiple tenses: Evidence from Vernacular Atayalic Japanese<\/a><\/td><\/tr><tr><td>[ccj id=&#8221;time&#8221; time=&#8221;2025-09-12 14:40&#8243;]<\/td><td>Break<\/td><\/tr><tr><td><\/td><td><strong>Session 11<\/strong> (Chair: Norikazu Kogura)<\/td><\/tr><tr><td>[ccj id=&#8221;time&#8221; time=&#8221;2025-09-12 15:00&#8243;]<\/td><td>Junri Shimada (Meiji Gakuin University), Abdul-Razak Sulemana (University of Ghana):<br><a href=\"http:\/\/lingconf.com\/triplea12\/wp-content\/uploads\/sites\/17\/2025\/07\/14.pdf\">Embedded tenses in B\u00f9l\u00ec<\/a><\/td><\/tr><tr><td>[ccj id=&#8221;time&#8221; time=&#8221;2025-09-12 15:40&#8243;]<\/td><td>Daria Sidorkina (HSE University):<br><a href=\"http:\/\/lingconf.com\/triplea12\/wp-content\/uploads\/sites\/17\/2025\/07\/07.pdf\">Deriving epistemic modality from inverted negation in Forest Nenets<\/a><\/td><\/tr><tr><td>[ccj id=&#8221;time&#8221; time=&#8221;2025-09-12 16:20&#8243;]<\/td><td>Break<\/td><\/tr><tr><td><\/td><td><strong>Session 12<\/strong> (Chair: John Gluckman)<\/td><\/tr><tr><td>[ccj id=&#8221;time&#8221; time=&#8221;2025-09-12 16:40&#8243;]<\/td><td>Shweta Akolkar, Uttam Singha (University of California, Berkeley):<br><a href=\"http:\/\/lingconf.com\/triplea12\/wp-content\/uploads\/sites\/17\/2025\/07\/56.pdf\">Asymmetries in the expression of modality in Bishnupriya Manipuri<\/a><\/td><\/tr><tr><td>[ccj id=&#8221;time&#8221; time=&#8221;2025-09-12 17:20&#8243;]<\/td><td>[Hybrid] Ates Ismail Calisir, Tekla Gabunia (Georg-August Univerist\u00e4t G\u00f6ttingen):<br><a href=\"http:\/\/lingconf.com\/triplea12\/wp-content\/uploads\/sites\/17\/2025\/07\/45.pdf\">Performative modality without imperative morphology: The case of Georgian <em>ver<\/em><\/a><\/td><\/tr><tr><td>[ccj id=&#8221;time&#8221; time=&#8221;2025-09-12 18:00&#8243;]<\/td><td>Business Meeting (Led by Polina Berezovskaya)<\/td><\/tr><\/tbody><\/table><\/figure>\n","protected":false},"excerpt":{"rendered":"<p>Note: [S] indicates the presentations accepted in the student category. Choose your timezone: Wednesday, 10th of September [ccj id=&#8221;time&#8221; time=&#8221;2025-09-10 09:30&#8243;] Registration [ccj id=&#8221;time&#8221; time=&#8221;2025-09-10 10:00&#8243;] Welcome Invited Talk (Chair: Hiroki Nomoto) [ccj id=&#8221;time&#8221; time=&#8221;2025-09-10 10:10&#8243;] Upsorn Tawilapakul (Thammasat University):Shared knowledge or mutual belief?: A case from the particle n\u00e1 in Thai [ccj id=&#8221;time&#8221; time=&#8221;2025-09-10 [&hellip;]<\/p>\n","protected":false},"author":1,"featured_media":0,"parent":0,"menu_order":0,"comment_status":"closed","ping_status":"closed","template":"","meta":{"footnotes":""},"class_list":["post-201","page","type-page","status-publish","hentry"],"_links":{"self":[{"href":"https:\/\/lingconf.com\/triplea12\/wp-json\/wp\/v2\/pages\/201","targetHints":{"allow":["GET"]}}],"collection":[{"href":"https:\/\/lingconf.com\/triplea12\/wp-json\/wp\/v2\/pages"}],"about":[{"href":"https:\/\/lingconf.com\/triplea12\/wp-json\/wp\/v2\/types\/page"}],"author":[{"embeddable":true,"href":"https:\/\/lingconf.com\/triplea12\/wp-json\/wp\/v2\/users\/1"}],"replies":[{"embeddable":true,"href":"https:\/\/lingconf.com\/triplea12\/wp-json\/wp\/v2\/comments?post=201"}],"version-history":[{"count":51,"href":"https:\/\/lingconf.com\/triplea12\/wp-json\/wp\/v2\/pages\/201\/revisions"}],"predecessor-version":[{"id":303,"href":"https:\/\/lingconf.com\/triplea12\/wp-json\/wp\/v2\/pages\/201\/revisions\/303"}],"wp:attachment":[{"href":"https:\/\/lingconf.com\/triplea12\/wp-json\/wp\/v2\/media?parent=201"}],"curies":[{"name":"wp","href":"https:\/\/api.w.org\/{rel}","templated":true}]}}