{"id":27,"date":"2018-02-06T14:26:50","date_gmt":"2018-02-06T14:26:50","guid":{"rendered":"http:\/\/lingconf.com\/compsyn\/?page_id=27"},"modified":"2018-02-22T14:30:33","modified_gmt":"2018-02-22T14:30:33","slug":"program","status":"publish","type":"page","link":"https:\/\/lingconf.com\/compsyn\/program\/","title":{"rendered":"Program"},"content":{"rendered":"<p><a href=\"http:\/\/lingconf.com\/compsyn\/venue\/\"><strong>Venue: <\/strong>NUS UTown Stephen Riady Centre Global Learning Room (Level 1)<\/a><\/p>\n<h3><strong>March 1, 2018 (Thursday)<\/strong><\/h3>\n<table>\n<tbody>\n<tr>\n<td width=\"115\">8:30 \u2013 9:00<\/td>\n<td width=\"325\">Workshop Registration + Coffee<\/td>\n<\/tr>\n<tr>\n<td width=\"115\">9:00 \u2013 9:20<\/td>\n<td width=\"325\">Welcome Remarks by Yosuke Sato<\/td>\n<\/tr>\n<tr>\n<td width=\"115\">9:20 \u2013 10:20<\/p>\n<p><strong>\u00a0<\/strong><\/td>\n<td width=\"325\">Plenary Talk #1: Theresa Biberauer<br \/>\n(University of Cambridge)<br \/>\n<a href=\"http:\/\/lingconf.com\/compsyn\/program\/biberauer\/\">\u201cBeyond word order &#8211; and syntax: what we can learn from FOFC\u201d<\/a><\/td>\n<\/tr>\n<tr>\n<td width=\"115\">10:20 \u2013 10:40<\/td>\n<td width=\"325\">Coffee Break<\/td>\n<\/tr>\n<tr>\n<td width=\"115\">10:40 \u2013 11:20<\/td>\n<td width=\"325\">Michael Yoshitaka Erlewine (mitcho)<br \/>\n(National University of Singapore)<br \/>\n<a href=\"http:\/\/lingconf.com\/compsyn\/program\/erlewine\/\">\u201cA syntactic universal in a contact language: The story of Singlish <em>already<\/em>\u201d<\/a><\/td>\n<\/tr>\n<tr>\n<td width=\"115\">11:20 \u2013 12:00<\/td>\n<td width=\"325\">Michael Barrie<br \/>\n(Sogang University)<br \/>\n<a href=\"http:\/\/lingconf.com\/compsyn\/program\/barrie\/\">\u201cThe Northern Iroquoian Nominal Phrase and Linguistic Variation\u201d<\/a><\/td>\n<\/tr>\n<tr>\n<td width=\"115\">12:00 \u2013 13:30<\/td>\n<td width=\"325\">Lunch<\/td>\n<\/tr>\n<tr>\n<td width=\"115\">13:30 \u2013 14:30<\/td>\n<td width=\"325\">Plenary Talk #2: Edith Aldridge<br \/>\n(University of Washington)<br \/>\n<a href=\"http:\/\/lingconf.com\/compsyn\/program\/aldridge\/\">\u201cThe extraction restriction across Austronesian languages\u201d<\/a><\/td>\n<\/tr>\n<tr>\n<td width=\"115\">14:30 \u2013 15:30<\/td>\n<td width=\"325\"><a href=\"http:\/\/lingconf.com\/compsyn\/posters\/#thursday\">Poster Session #1<\/a><\/td>\n<\/tr>\n<tr>\n<td width=\"115\">15:30 \u2013 16:10<\/td>\n<td width=\"325\">Matthew Reeve<br \/>\n(Zhejiang University)<br \/>\n<a href=\"http:\/\/lingconf.com\/compsyn\/program\/reeve\/\">\u201cAgreement and extraction from DP\/NP\u201d<\/a><\/td>\n<\/tr>\n<tr>\n<td width=\"115\">16:10 \u2013 17:10<\/td>\n<td width=\"325\">Plenary Talk #3: \u017deljko Bo\u0161kovi\u0107<br \/>\n(University of Connecticut)<br \/>\n<a href=\"http:\/\/lingconf.com\/compsyn\/program\/boskovic\/\">\u201cOn the Uniformity of the Locality System: Extraction out of Conjuncts, Intervention Effects, and Split IP\u201d<\/a><\/td>\n<\/tr>\n<\/tbody>\n<\/table>\n<h3><strong>March 2, 2018 (Friday)<\/strong><\/h3>\n<table>\n<tbody>\n<tr>\n<td width=\"117\">8:30 \u2013 9:00<\/td>\n<td width=\"334\">Workshop Registration + Coffee<\/td>\n<\/tr>\n<tr>\n<td width=\"117\">9:00 \u2013 10:00<\/td>\n<td width=\"334\">Plenary Talk #4: Jessica Coon<br \/>\n(McGill University)<br \/>\n<a href=\"http:\/\/lingconf.com\/compsyn\/program\/coon\/\">\u201cFeature Gluttony and Hierarchy Effects\u201d<\/a> (joint work with Stefan Keine)<\/td>\n<\/tr>\n<tr>\n<td width=\"117\">10:00 \u2013 10:20<\/td>\n<td width=\"334\">Coffee Break<\/td>\n<\/tr>\n<tr>\n<td width=\"117\">10:20 \u2013 11:00<\/td>\n<td width=\"334\">Theodore Levin<br \/>\n(National University of Singapore)<br \/>\n<a href=\"http:\/\/lingconf.com\/compsyn\/levin\/\">\u201cLF determines (non-)interveners: Two case studies in Kaqchikel (Mayan)\u201d<\/a><\/td>\n<\/tr>\n<tr>\n<td width=\"117\">11:00 \u2013 11:40<\/td>\n<td width=\"334\">Martina Martinovi\u0107<br \/>\n(University of Florida)<br \/>\n\u201cOn the cross-linguistic variation in sluicing-like constructions: the case of Wolof\u201d<\/td>\n<\/tr>\n<tr>\n<td width=\"117\">11:40 \u2013 13:00<\/td>\n<td width=\"334\">Lunch<\/td>\n<\/tr>\n<tr>\n<td width=\"117\">13:00 \u2013 14:00<\/td>\n<td width=\"334\">Plenary Talk #5: Andrew Simpson<br \/>\n(University of Southern California)<br \/>\n<a href=\"http:\/\/lingconf.com\/compsyn\/program\/simpson\/\">\u201cPhases vs. Cyclic Linearization Spell-Out Domains: two perspectives on cyclicity\u201d<\/a><\/td>\n<\/tr>\n<tr>\n<td width=\"117\">14:00 \u2013 15:00<\/td>\n<td width=\"334\"><a href=\"http:\/\/lingconf.com\/compsyn\/posters\/#friday\">Poster Session #2<\/a><\/td>\n<\/tr>\n<tr>\n<td width=\"117\">16:00 \u2013 17:00<\/td>\n<td width=\"334\">Plenary Talk #6: Mark Baker<br \/>\n(Rutgers University)<br \/>\n<a href=\"http:\/\/lingconf.com\/compsyn\/program\/baker\/\">\u201cOn Rare Linguistic Features and Universal Grammar: Special CP Operator Constructions\u201d<\/a><\/td>\n<\/tr>\n<tr>\n<td width=\"117\">17:00 \u2013 17:30<\/td>\n<td width=\"334\">Roundtable Session: \u201cCurrent Issues in Comparative Syntax\u201d<br \/>\nChair: Michael Yoshitaka Erlewine and Yosuke Sato<\/td>\n<\/tr>\n<tr>\n<td width=\"117\">18:00<\/td>\n<td width=\"334\">Conference Dinner (Satay by the Bay)<\/td>\n<\/tr>\n<\/tbody>\n<\/table>\n<p><strong>\u00a0<\/strong><\/p>\n<p><strong>\u00a0<\/strong><\/p>\n","protected":false},"excerpt":{"rendered":"<p>Venue: NUS UTown Stephen Riady Centre Global Learning Room (Level 1) March 1, 2018 (Thursday) 8:30 \u2013 9:00 Workshop Registration + Coffee 9:00 \u2013 9:20 Welcome Remarks by Yosuke Sato 9:20 \u2013 10:20 \u00a0 Plenary Talk #1: Theresa Biberauer (University of Cambridge) \u201cBeyond word order &#8211; and syntax: what we can learn from FOFC\u201d 10:20 &hellip; <a href=\"https:\/\/lingconf.com\/compsyn\/program\/\" class=\"more-link\">Continue reading <span class=\"screen-reader-text\">Program<\/span><\/a><\/p>\n","protected":false},"author":1,"featured_media":0,"parent":0,"menu_order":0,"comment_status":"closed","ping_status":"closed","template":"","meta":{"advanced_seo_description":"","jetpack_seo_html_title":"","jetpack_seo_noindex":false,"jetpack_post_was_ever_published":false,"footnotes":""},"class_list":["post-27","page","type-page","status-publish","hentry"],"jetpack_sharing_enabled":true,"jetpack_shortlink":"https:\/\/wp.me\/P9qjuD-r","jetpack_likes_enabled":true,"jetpack-related-posts":[],"_links":{"self":[{"href":"https:\/\/lingconf.com\/compsyn\/wp-json\/wp\/v2\/pages\/27","targetHints":{"allow":["GET"]}}],"collection":[{"href":"https:\/\/lingconf.com\/compsyn\/wp-json\/wp\/v2\/pages"}],"about":[{"href":"https:\/\/lingconf.com\/compsyn\/wp-json\/wp\/v2\/types\/page"}],"author":[{"embeddable":true,"href":"https:\/\/lingconf.com\/compsyn\/wp-json\/wp\/v2\/users\/1"}],"replies":[{"embeddable":true,"href":"https:\/\/lingconf.com\/compsyn\/wp-json\/wp\/v2\/comments?post=27"}],"version-history":[{"count":19,"href":"https:\/\/lingconf.com\/compsyn\/wp-json\/wp\/v2\/pages\/27\/revisions"}],"predecessor-version":[{"id":116,"href":"https:\/\/lingconf.com\/compsyn\/wp-json\/wp\/v2\/pages\/27\/revisions\/116"}],"wp:attachment":[{"href":"https:\/\/lingconf.com\/compsyn\/wp-json\/wp\/v2\/media?parent=27"}],"curies":[{"name":"wp","href":"https:\/\/api.w.org\/{rel}","templated":true}]}}