{"id":2,"date":"2017-11-22T08:57:52","date_gmt":"2017-11-22T08:57:52","guid":{"rendered":"http:\/\/lingconf.com\/compsyntax\/?page_id=2"},"modified":"2018-03-03T16:42:10","modified_gmt":"2018-03-03T16:42:10","slug":"sample-page","status":"publish","type":"page","link":"https:\/\/lingconf.com\/compsyn\/","title":{"rendered":""},"content":{"rendered":"<p><a data-flickr-embed=\"true\"  href=\"https:\/\/www.flickr.com\/photos\/themitcho\/25724050517\/in\/album-72157666341096358\/\" title=\"Comparative syntax workshop group photo\"><img data-recalc-dims=\"1\" loading=\"lazy\" decoding=\"async\" src=\"https:\/\/i0.wp.com\/farm5.staticflickr.com\/4604\/25724050517_cf38f63c69_z.jpg?resize=640%2C427&#038;ssl=1\" width=\"640\" height=\"427\" class=\"aligncenter size-full\" \/><\/a><\/p>\n<p>The National University of Singapore will host a two-day Workshop on\u00a0<i><b>Current Issues in Comparative Syntax: Past, Present, and Future<\/b><\/i>, <b>March 1\u20132, 2018<\/b>. All are welcome to attend.<\/p>\n<p>The Workshop will bring together established and emerging scholars who have worked extensively on major language regions of the world and\/or issues related to cross-linguistic variation. The plenary speakers and additional speakers below will offer talks on fundamental questions in contemporary syntactic theory and syntactic variation and how their languages of interest can shed light on these questions. <a href=\"http:\/\/lingconf.com\/compsyn\/call-for-posters\/\">We are also soliciting poster presentations.<\/a><\/p>\n<h3>Plenary speakers:<\/h3>\n<ul>\n<li>Edith Aldridge (Austronesian)<\/li>\n<li>Mark Baker (languages of Africa)<\/li>\n<li>Theresa Biberauer (Germanic)<\/li>\n<li>\u017deljko Bo\u0161kovi\u0107 (Slavic)<\/li>\n<li>Jessica Coon (Mayan)<\/li>\n<li>Andrew Simpson (languages of South and\/or Southeast Asia)<\/li>\n<\/ul>\n<h3>Additional speakers:<\/h3>\n<ul>\n<li>Michael Barrie<\/li>\n<li>Michael Yoshitaka Erlewine<\/li>\n<li>Theodore Levin<\/li>\n<li>L. Julie Jiang<\/li>\n<li>Martina Martinovi\u0107<\/li>\n<li>Matthew Reeve<\/li>\n<\/ul>\n<h3>Organizers:<\/h3>\n<p><a href=\"http:\/\/profile.nus.edu.sg\/fass\/ellys\/\">Yosuke Sato<\/a> and <a href=\"https:\/\/mitcho.com\">Michael Yoshitaka Erlewine<\/a><\/p>\n<h3>Sponsors:<\/h3>\n<p>We gratefully acknowledge support by the Singapore Ministry of Education and the Department of English Language &amp; Literature at the National University of Singapore for supporting this Workshop.<\/p>\n","protected":false},"excerpt":{"rendered":"<p>The National University of Singapore will host a two-day Workshop on\u00a0Current Issues in Comparative Syntax: Past, Present, and Future, March 1\u20132, 2018. All are welcome to attend. The Workshop will bring together established and emerging scholars who have worked extensively on major language regions of the world and\/or issues related to cross-linguistic variation. The plenary &hellip; <a href=\"https:\/\/lingconf.com\/compsyn\/\" class=\"more-link\">Continue reading <span class=\"screen-reader-text\"><\/span><\/a><\/p>\n","protected":false},"author":1,"featured_media":0,"parent":0,"menu_order":0,"comment_status":"closed","ping_status":"open","template":"","meta":{"advanced_seo_description":"","jetpack_seo_html_title":"","jetpack_seo_noindex":false,"jetpack_post_was_ever_published":false,"footnotes":""},"class_list":["post-2","page","type-page","status-publish","hentry"],"jetpack_sharing_enabled":true,"jetpack_shortlink":"https:\/\/wp.me\/P9qjuD-2","jetpack_likes_enabled":true,"jetpack-related-posts":[],"_links":{"self":[{"href":"https:\/\/lingconf.com\/compsyn\/wp-json\/wp\/v2\/pages\/2","targetHints":{"allow":["GET"]}}],"collection":[{"href":"https:\/\/lingconf.com\/compsyn\/wp-json\/wp\/v2\/pages"}],"about":[{"href":"https:\/\/lingconf.com\/compsyn\/wp-json\/wp\/v2\/types\/page"}],"author":[{"embeddable":true,"href":"https:\/\/lingconf.com\/compsyn\/wp-json\/wp\/v2\/users\/1"}],"replies":[{"embeddable":true,"href":"https:\/\/lingconf.com\/compsyn\/wp-json\/wp\/v2\/comments?post=2"}],"version-history":[{"count":8,"href":"https:\/\/lingconf.com\/compsyn\/wp-json\/wp\/v2\/pages\/2\/revisions"}],"predecessor-version":[{"id":118,"href":"https:\/\/lingconf.com\/compsyn\/wp-json\/wp\/v2\/pages\/2\/revisions\/118"}],"wp:attachment":[{"href":"https:\/\/lingconf.com\/compsyn\/wp-json\/wp\/v2\/media?parent=2"}],"curies":[{"name":"wp","href":"https:\/\/api.w.org\/{rel}","templated":true}]}}