{"id":96,"date":"2015-03-17T10:33:34","date_gmt":"2015-03-17T14:33:34","guid":{"rendered":"http:\/\/lingconf.com\/afla22\/?page_id=96"},"modified":"2015-07-18T03:52:01","modified_gmt":"2015-07-18T07:52:01","slug":"program","status":"publish","type":"page","link":"https:\/\/lingconf.com\/afla22\/program\/","title":{"rendered":"Program and Abstracts"},"content":{"rendered":"<p>All talks will take place at <a href=\"http:\/\/www.mcgill.ca\/maps\/leacock-building\">Leacock 232<\/a>.<\/p>\n<h2>THURSDAY, MAY 21<\/h2>\n<table>\n<tbody>\n<tr>\n<td style=\"vertical-align: top\" colspan=\"2\"><a href=\"http:\/\/indianoceanworldcentre.com\/10thMadagascarWorkshop\" target=\"_blank\">10th Madagascar Workshop<\/a>, held by the Indian Ocean World Centre at McGill<\/td>\n<\/tr>\n<tr>\n<td><\/td>\n<td><small>Chair: Lisa Travis<\/small><\/td>\n<\/tr>\n<tr>\n<td style=\"padding-right: 10px;width: 140px;text-align: right;vertical-align: top\">4:00 &#8211; 5:00pm<\/td>\n<td style=\"vertical-align: top\"><b>Madagascar Workshop Plenary Talk<\/b><br \/>\nAlexander Adelaar (Tokyo University of Foreign Studies)<br \/>\n<a href=\"http:\/\/lingconf.com\/afla22\/wp-content\/uploads\/sites\/2\/2015\/03\/madagascar-adelaar.pdf\" target=\"_blank\"><i>Contact between Austronesian and African languages: a short overview<\/i><\/a><\/td>\n<\/tr>\n<tr>\n<td style=\"padding-right: 10px;width: 140px;text-align: right;vertical-align: top\">5:00 &#8211; 6:00pm<\/td>\n<td style=\"vertical-align: top\"><b>AFLA Plenary Talk<\/b> (joint event with the Madagascar Workshop)<br \/>\nIleana Paul (Western University)<br \/>\n<a href=\"http:\/\/lingconf.com\/afla22\/wp-content\/uploads\/sites\/2\/2015\/03\/invited-paul.pdf\" target=\"_blank\"><i>Morphosyntactic micro-variation in Malagasy<\/i><\/a><\/td>\n<\/tr>\n<tr>\n<td style=\"padding-right: 10px;width: 140px;text-align: right;vertical-align: top\">6:00 &#8211; 7:30pm<\/td>\n<td style=\"vertical-align: top\">Reception (joint event with the Madagascar Workshop)<\/td>\n<\/tr>\n<\/tbody>\n<\/table>\n<h2>FRIDAY, MAY 22<\/h2>\n<table>\n<tbody>\n<tr>\n<td style=\"padding-right: 10px;width: 140px;text-align: right;vertical-align: top\">8:45 &#8211; 9:30am<\/td>\n<td style=\"vertical-align: top\"><i>REGISTRATION &amp; BREAKFAST<\/i><\/td>\n<\/tr>\n<tr>\n<td><small>Session 1<\/small><\/td>\n<td><small>Chair: Michael Yoshitaka Erlewine<\/small><\/td>\n<\/tr>\n<tr>\n<td style=\"padding-right: 10px;width: 140px;text-align: right;vertical-align: top\">9:30 &#8211; 10:30am<\/td>\n<td style=\"vertical-align: top\"><b>Plenary Talk<\/b><br \/>\nI Wayan Arka (Australian National University)<br \/>\n<a href=\"http:\/\/lingconf.com\/afla22\/wp-content\/uploads\/sites\/2\/2015\/03\/invited-arka.pdf\" target=\"_blank\"><i>Alternative manner expressions in Balinese: towards an integrated analysis<\/i><\/a><\/td>\n<\/tr>\n<tr>\n<td style=\"padding-right: 10px;width: 140px;text-align: right;vertical-align: top\">10:30 &#8211; 11:00am<\/td>\n<td style=\"vertical-align: top\">Jooyoung Kim, Peter Cole (University of Delaware); Pande Made Sumartini (La Trobe University)<br \/>\n<a href=\"http:\/\/lingconf.com\/afla22\/wp-content\/uploads\/sites\/2\/2015\/03\/talk-kim-cole-sumartini.pdf\" target=\"_blank\"><i>Balinese adverbial wh-phrases &#8211; movement for focus<\/i><br \/>\n<\/a><\/td>\n<\/tr>\n<tr>\n<td style=\"padding-right: 10px;width: 140px;text-align: right;vertical-align: top\">11:00 &#8211; 11:30am<\/td>\n<td style=\"vertical-align: top\"><i>BREAK<\/i><\/td>\n<\/tr>\n<tr>\n<td><small>Session 2<\/small><\/td>\n<td><small>Chair: Henrison Hsieh<\/small><\/td>\n<\/tr>\n<tr>\n<td style=\"padding-right: 10px;width: 140px;text-align: right;vertical-align: top\">11:30am &#8211; 12:00pm<\/td>\n<td style=\"vertical-align: top\">Victoria Chen, Shin Fukuda (UH M\u0101noa)<br \/>\n<a href=\"http:\/\/lingconf.com\/afla22\/wp-content\/uploads\/sites\/2\/2015\/03\/talk-chen-fukuda1.pdf\" target=\"_blank\"><i>Three ways to &#8220;steal&#8221; an element from a CP: Evidence from Formosan<\/i><br \/>\n<\/a><\/td>\n<\/tr>\n<tr>\n<td style=\"padding-right: 10px;width: 140px;text-align: right;vertical-align: top\">12:00 &#8211; 12:30pm<\/td>\n<td style=\"vertical-align: top\">Dong-yi Lin (Ghent University)<br \/>\n<a href=\"http:\/\/lingconf.com\/afla22\/wp-content\/uploads\/sites\/2\/2015\/03\/talk-lin.pdf\" target=\"_blank\"><i>Floating universal quantifier as a base-generated head in the VP periphery<\/i><br \/>\n<\/a><\/td>\n<\/tr>\n<tr>\n<td style=\"padding-right: 10px;width: 140px;text-align: right;vertical-align: top\">12:30 &#8211; 2:00pm<\/td>\n<td style=\"vertical-align: top\"><i>LUNCH BREAK<\/i><\/td>\n<\/tr>\n<tr>\n<td><small>Session 3<\/small><\/td>\n<td><small>Chair: Junko Shimoyama<\/small><\/td>\n<\/tr>\n<tr>\n<td style=\"padding-right: 10px;width: 140px;text-align: right;vertical-align: top\">2:00 &#8211; 2:30pm<\/td>\n<td style=\"vertical-align: top\">Hooi Ling Soh (University of Minnesota)<br \/>\n<a href=\"http:\/\/lingconf.com\/afla22\/wp-content\/uploads\/sites\/2\/2015\/03\/talk-soh.pdf\" target=\"_blank\"><i>Evidentiality and modality: The case of sentence final <\/i>punya<i> in Colloquial Malay<\/i><br \/>\n<\/a><\/td>\n<\/tr>\n<tr>\n<td style=\"padding-right: 10px;width: 140px;text-align: right;vertical-align: top\">2:30 &#8211; 3:00pm<\/td>\n<td style=\"vertical-align: top\">Jozina Vander Klok (UBC, MPI)<br \/>\n<a href=\"http:\/\/lingconf.com\/afla22\/wp-content\/uploads\/sites\/2\/2015\/03\/talk-vanderklok.pdf\" target=\"_blank\"><i>Diagnosing VP-ellipsis in Javanese: Evidence for a non-movement account<\/i><br \/>\n<\/a><\/td>\n<\/tr>\n<tr>\n<td style=\"padding-right: 10px;width: 140px;text-align: right;vertical-align: top\">3:00 &#8211; 3:30pm<\/td>\n<td style=\"vertical-align: top\">Ekarina Winarto (Cornell University)<br \/>\n<a href=\"http:\/\/lingconf.com\/afla22\/wp-content\/uploads\/sites\/2\/2015\/03\/talk-winarto.pdf\" target=\"_blank\"><i>DP movement and a layered DP: Indonesian case study<\/i><br \/>\n<\/a><\/td>\n<\/tr>\n<tr>\n<td style=\"padding-right: 10px;width: 140px;text-align: right;vertical-align: top\">3:30 &#8211; 4:00pm<\/td>\n<td style=\"vertical-align: top\"><i>BREAK<\/i><\/td>\n<\/tr>\n<tr>\n<td><small>Session 4<\/small><\/td>\n<td><small>Chair: John Lumsden<\/small><\/td>\n<\/tr>\n<tr>\n<td style=\"padding-right: 10px;width: 140px;text-align: right;vertical-align: top\">4:00 &#8211; 4:30pm<\/td>\n<td style=\"vertical-align: top\">Nozomi Tanaka, William O&#8217;Grady, Kamil Deen, Chae-Eun Kim, Ryoko Hattori (UH M\u0101noa); Ivan Paul M. Bondoc, Jennifer U. Soriano (U Philippines Manila)<br \/>\n<a href=\"http:\/\/lingconf.com\/afla22\/wp-content\/uploads\/sites\/2\/2015\/03\/talk-tanaka-et-al.pdf\" target=\"_blank\"><i>An agent advantage in Tagalog relative clause comprehension<\/i><br \/>\n<\/a><\/td>\n<\/tr>\n<tr>\n<td style=\"padding-right: 10px;width: 140px;text-align: right;vertical-align: top\">4:30 &#8211; 5:00pm<\/td>\n<td style=\"vertical-align: top\">Norvin Richards (MIT)<br \/>\n<a href=\"http:\/\/lingconf.com\/afla22\/wp-content\/uploads\/sites\/2\/2015\/03\/talk-richards.pdf\" target=\"_blank\"><i>Tagalog prosody and scrambling<\/i><br \/>\n<\/a><\/td>\n<\/tr>\n<tr>\n<td style=\"padding-right: 10px;width: 140px;text-align: right;vertical-align: top\">5:00 &#8211; 5:30pm<\/td>\n<td style=\"vertical-align: top\">Nova Starr (University of Ottawa)<br \/>\n<a href=\"http:\/\/lingconf.com\/afla22\/wp-content\/uploads\/sites\/2\/2015\/03\/talk-starr1.pdf\" target=\"_blank\"><i>Tagalog general number and incorporation<\/i><\/a> (<a href=\"http:\/\/lingconf.com\/afla22\/wp-content\/uploads\/sites\/2\/2015\/03\/AFLA_2015_Pres.pdf\" target=\"_blank\">handout<\/a>)<\/td>\n<\/tr>\n<tr>\n<td style=\"padding-right: 10px;width: 140px;text-align: right;vertical-align: top\">Evening<\/td>\n<td>Graduate student bar night<br \/>\nThomson House (3650 McTavish)<\/td>\n<\/tr>\n<\/tbody>\n<\/table>\n<h2>SATURDAY, MAY 23<\/h2>\n<table style=\"margin: 0 0 0\">\n<tbody>\n<tr>\n<td style=\"padding-right: 10px;width: 140px;text-align: right;vertical-align: top\">8:45 &#8211; 9:30am<\/td>\n<td style=\"vertical-align: top\"><i>BREAKFAST<\/i><\/td>\n<\/tr>\n<tr>\n<td><\/td>\n<td><small>Chair: Lauren Clemens<\/small><\/td>\n<\/tr>\n<tr>\n<td style=\"padding-right: 10px;width: 140px;text-align: right;vertical-align: top\">9:30 &#8211; 10:30am<\/td>\n<td style=\"vertical-align: top\"><b>Plenary Talk<\/b><br \/>\nJoey Sabbagh (University of Texas Arlington)<br \/>\n<em>Prosodic evidence for the derivation and structure of verb initial word\u00a0<\/em><em>order in Tagalog<\/em><\/td>\n<\/tr>\n<tr>\n<td style=\"padding-right: 10px;width: 140px;text-align: right;vertical-align: top\">10:30 &#8211; 11:00am<\/td>\n<td style=\"vertical-align: top\"><i>BREAK<\/i><\/td>\n<\/tr>\n<tr>\n<td><small>Session 5<\/small><\/td>\n<td><small>Chair: Grace Kuo<\/small><\/td>\n<\/tr>\n<tr>\n<td style=\"padding-right: 10px;width: 140px;text-align: right;vertical-align: top\">11:00 &#8211; 11:30am<\/td>\n<td style=\"vertical-align: top\">Ga\u0161per Begu\u0161 (Harvard University)<br \/>\n<a href=\"http:\/\/lingconf.com\/afla22\/wp-content\/uploads\/sites\/2\/2015\/03\/talk-begus.pdf\" target=\"_blank\"><i>Intervocalic devoicing in Kiput and Berawan dialects<\/i><br \/>\n<\/a><\/td>\n<\/tr>\n<tr>\n<td style=\"padding-right: 10px;width: 140px;text-align: right;vertical-align: top\">11:30am &#8211; 12:00pm<\/td>\n<td style=\"vertical-align: top\">Martha Abramson (University of Minnesota)<br \/>\n<a href=\"http:\/\/lingconf.com\/afla22\/wp-content\/uploads\/sites\/2\/2015\/03\/talk-abramson.pdf\" target=\"_blank\"><i>Allophonic space of Malay vowels<\/i><br \/>\n<\/a><\/td>\n<\/tr>\n<tr>\n<td style=\"padding-right: 10px;width: 140px;text-align: right;vertical-align: top\">12:00 &#8211; 1:30pm<\/td>\n<td style=\"vertical-align: top\"><i>LUNCH BREAK<\/i><\/td>\n<\/tr>\n<tr>\n<td><small>Session 6<\/small><\/td>\n<td><small>Chair: Anna Maria Di Sciullo<\/small><\/td>\n<\/tr>\n<tr>\n<td style=\"padding-right: 10px;width: 140px;text-align: right;vertical-align: top\">1:30 &#8211; 2:00pm<\/td>\n<td style=\"vertical-align: top\">Kristine Yu (UMass Amherst)<br \/>\n<a href=\"http:\/\/lingconf.com\/afla22\/wp-content\/uploads\/sites\/2\/2015\/03\/talk-yu.pdf\" target=\"_blank\"><i>Tonal marking of absolutive case in Samoan<\/i><br \/>\n<\/a> (<a href=\"http:\/\/lingconf.com\/afla22\/wp-content\/uploads\/sites\/2\/2015\/03\/afla22-smo.pdf\" target=\"_blank\">slides<\/a>)<\/td>\n<\/tr>\n<tr>\n<td style=\"padding-right: 10px;width: 140px;text-align: right;vertical-align: top\">2:00 &#8211; 2:30pm<\/td>\n<td style=\"vertical-align: top\">Catherine Macdonald, Diane Massam (U Toronto)<br \/>\n<a href=\"http:\/\/lingconf.com\/afla22\/wp-content\/uploads\/sites\/2\/2015\/03\/talk-macdonald-massam.pdf\" target=\"_blank\"><i>Microparametric variation in the Tongic DP: The lingering determiner effect<\/i><br \/>\n<\/a><\/td>\n<\/tr>\n<tr>\n<td style=\"padding-right: 10px;width: 140px;text-align: right;vertical-align: top\">2:30 &#8211; 3:00pm<\/td>\n<td style=\"vertical-align: top\">Bill Palmer (University of Newcastle, Australia)<br \/>\n<a href=\"http:\/\/lingconf.com\/afla22\/wp-content\/uploads\/sites\/2\/2015\/03\/talk-palmer.pdf\" target=\"_blank\"><i>Case, topic and clefts in Mono-Alu<\/i><br \/>\n<\/a><\/td>\n<\/tr>\n<tr>\n<td style=\"padding-right: 10px;width: 140px;text-align: right;vertical-align: top\">3:00 &#8211; 4:30pm<\/td>\n<td style=\"vertical-align: top\"><i>POSTERS<\/i><\/td>\n<\/tr>\n<\/tbody>\n<\/table>\n<table style=\"margin: 0 0 0\">\n<tbody>\n<tr>\n<td style=\"padding-left: 100px\">Maayan Abenina-Adar (UCLA)<br \/>\n<a href=\"http:\/\/lingconf.com\/afla22\/wp-content\/uploads\/sites\/2\/2015\/03\/poster-abenina-adar.pdf\" target=\"_blank\"><i>Tagalog resultatives<\/i><br \/>\n<\/a><\/td>\n<\/tr>\n<tr>\n<td style=\"padding-left: 100px\">Lena Borise (Harvard University)<br \/>\n<a href=\"http:\/\/lingconf.com\/afla22\/wp-content\/uploads\/sites\/2\/2015\/03\/poster-borise1.pdf\" target=\"_blank\"><i>Tagalog sluicing reanalyzed<\/i><br \/>\n<\/a><\/td>\n<\/tr>\n<tr>\n<td style=\"padding-left: 100px\">Hyun-Jong Hahm (University of Guam)<br \/>\n<a href=\"http:\/\/lingconf.com\/afla22\/wp-content\/uploads\/sites\/2\/2015\/03\/poster-hahm.pdf\" target=\"_blank\"><i>Polite plurals in Chuukese<\/i><\/a><\/td>\n<\/tr>\n<tr>\n<td style=\"padding-left: 100px\">Jonathan Cheng-Chuen Kuo (Academia Sinica, UH M\u0101noa)<br \/>\n<a href=\"http:\/\/lingconf.com\/afla22\/wp-content\/uploads\/sites\/2\/2015\/03\/poster-kuo.pdf\" target=\"_blank\"><i>Introducing internal arguments in symmetrical voice languages<\/i><br \/>\n<\/a><\/td>\n<\/tr>\n<tr>\n<td style=\"padding-left: 100px\">Theodore Levin (MIT)<br \/>\n<a href=\"http:\/\/lingconf.com\/afla22\/wp-content\/uploads\/sites\/2\/2015\/03\/poster-levin.pdf\" target=\"_blank\"><i>Unmarked case is unvalued case: Default Voice in Formosan restructuring<\/i><br \/>\n<\/a><\/td>\n<\/tr>\n<tr>\n<td style=\"padding-left: 100px\">Kuo-Chiao Lin (New York University)<br \/>\n<a href=\"http:\/\/lingconf.com\/afla22\/wp-content\/uploads\/sites\/2\/2015\/03\/poster-lin.pdf\" target=\"_blank\"><i>The gradual path to variable reduplication: Kavalan<\/i><br \/>\n<\/a><\/td>\n<\/tr>\n<tr>\n<td style=\"padding-left: 100px\">Yuko Otsuka (University of Hawai\u02bbi at M\u0101noa)<br \/>\n<a href=\"http:\/\/lingconf.com\/afla22\/wp-content\/uploads\/sites\/2\/2015\/03\/poster-otsuka.pdf\" target=\"_blank\"><i>Agreeing demonstratives in Wuvulu relative clauses<\/i><br \/>\n<\/a><\/td>\n<\/tr>\n<tr>\n<td style=\"padding-left: 100px\">Catherine Provencher (Universit\u00e9 du Qu\u00e9bec \u00e0 Montr\u00e9al)<br \/>\n<a href=\"http:\/\/lingconf.com\/afla22\/wp-content\/uploads\/sites\/2\/2015\/03\/poster-provencher.pdf\" target=\"_blank\"><i>On the Marshallese semi-glides and underspecified vowels<\/i><br \/>\n<\/a><\/td>\n<\/tr>\n<tr>\n<td style=\"padding-left: 100px\">Chunming Wu, Henry Y. Chang (Academia Sinica)<br \/>\n<a href=\"http:\/\/lingconf.com\/afla22\/wp-content\/uploads\/sites\/2\/2015\/03\/poster-wu-chang.pdf\" target=\"_blank\"><i>Nonfinites in Southern Paiwan: Verbal vs nominal<\/i><br \/>\n<\/a><\/td>\n<\/tr>\n<\/tbody>\n<\/table>\n<table>\n<tbody>\n<tr>\n<td><small>Session 7<\/small><\/td>\n<td><small>Chair: Thomas Leu<\/small><\/td>\n<\/tr>\n<tr>\n<td style=\"padding-right: 10px;width: 140px;text-align: right;vertical-align: top\">4:30 &#8211; 5:00pm<\/td>\n<td style=\"vertical-align: top\">Victoria Chen, Shin Fukuda (UH M\u0101noa)<br \/>\n<a href=\"http:\/\/lingconf.com\/afla22\/wp-content\/uploads\/sites\/2\/2015\/03\/talk-chen-fukuda2.pdf\" target=\"_blank\"><i>Restructuring in Formosan languages and their implications for object Case-licensing<\/i><br \/>\n<\/a><\/td>\n<\/tr>\n<tr>\n<td style=\"padding-right: 10px;width: 140px;text-align: right;vertical-align: top\">5:00 &#8211; 5:30pm<\/td>\n<td style=\"vertical-align: top\">Eric Potsdam, Dan Edmiston (University of Florida)<br \/>\n<a href=\"http:\/\/lingconf.com\/afla22\/wp-content\/uploads\/sites\/2\/2015\/03\/talk-potsdam-edmiston.pdf\" target=\"_blank\"><i>Extraposition in Malagasy<\/i><br \/>\n<\/a><\/td>\n<\/tr>\n<tr>\n<td style=\"padding-right: 10px;width: 140px;text-align: right;vertical-align: top\">5:30 &#8211; 6:00pm<\/td>\n<td style=\"vertical-align: top\">Emerson Lopez Odango, Yuko Otsuka (UH M\u0101noa)<br \/>\n<a href=\"http:\/\/lingconf.com\/afla22\/wp-content\/uploads\/sites\/2\/2015\/03\/talk-odango-otsuka.pdf\" target=\"_blank\">Ang-<i>marked NPs in recent perfective in Tagalog<\/i><br \/>\n<\/a><\/td>\n<\/tr>\n<tr>\n<td style=\"padding-right: 10px;width: 140px;text-align: right;vertical-align: top\">6:00 &#8211; 6:30pm<\/td>\n<td style=\"vertical-align: top\"><i>BUSINESS MEETING<\/i><\/td>\n<\/tr>\n<tr>\n<td style=\"padding-right: 10px;width: 140px;text-align: right;vertical-align: top\">6:30 pm<\/td>\n<td style=\"vertical-align: top\"><i>DINNER<\/i> ($12 students; $20 faculty)<\/td>\n<\/tr>\n<\/tbody>\n<\/table>\n<h2>SUNDAY, MAY 24<\/h2>\n<table>\n<tbody>\n<tr>\n<td style=\"padding-right: 10px;width: 140px;text-align: right;vertical-align: top\">9:15 &#8211; 10:00am<\/td>\n<td style=\"vertical-align: top\"><i>BREAKFAST<\/i><\/td>\n<\/tr>\n<tr>\n<td><\/td>\n<td><small>Chair: Jessica Coon<\/small><\/td>\n<\/tr>\n<tr>\n<td style=\"padding-right: 10px;width: 140px;text-align: right;vertical-align: top\">10:00 &#8211; 11:00am<\/td>\n<td style=\"vertical-align: top\"><b>Plenary Talk<\/b><br \/>\nMaria Polinsky (Harvard University)<br \/>\n<i>Equidistance returns: Real and apparent subject\/object symmetries in Polynesian<\/i><\/td>\n<\/tr>\n<tr>\n<td style=\"padding-right: 10px;width: 140px;text-align: right;vertical-align: top\">11:00 &#8211; 11:30am<\/td>\n<td style=\"vertical-align: top\"><i>BREAK<\/i><\/td>\n<\/tr>\n<tr>\n<td><small>Session 7<\/small><\/td>\n<td><small>Chair: Jiajia Su<\/small><\/td>\n<\/tr>\n<tr>\n<td style=\"padding-right: 10px;width: 140px;text-align: right;vertical-align: top\">11:30am &#8211; 12:00pm<\/td>\n<td style=\"vertical-align: top\">Helen Jeoung (University of Pennsylvania)<br \/>\n<a href=\"http:\/\/lingconf.com\/afla22\/wp-content\/uploads\/sites\/2\/2015\/03\/talk-jeoung.pdf\" target=\"_blank\"><i>Register and voice differences in Madurese<\/i><br \/>\n<\/a><\/td>\n<\/tr>\n<tr>\n<td style=\"padding-right: 10px;width: 140px;text-align: right;vertical-align: top\">12:00 &#8211; 12:30pm<\/td>\n<td style=\"vertical-align: top\"><strike>John Beavers (UT Austin) and I Nyoman Udayana (Udayana University)<\/strike><br \/>\n<a href=\"http:\/\/lingconf.com\/afla22\/wp-content\/uploads\/sites\/2\/2015\/03\/talk-beavers-udayana.pdf\" target=\"_blank\"><i><strike>Middle Voice in Indonesian: A Syntax\/Semantics Mismatch<\/strike><\/i><br \/>\n<\/a><\/td>\n<\/tr>\n<tr>\n<td style=\"padding-right: 10px;width: 140px;text-align: right;vertical-align: top\">12:30 &#8211; 1:00pm<\/td>\n<td style=\"vertical-align: top\">Eli Asikin-Garmager (University of Iowa)<br \/>\n<a href=\"http:\/\/lingconf.com\/afla22\/wp-content\/uploads\/sites\/2\/2015\/03\/talk-asikin-garmager.pdf\" target=\"_blank\"><i>Sasak voice morphology<\/i><br \/>\n<\/a><\/td>\n<\/tr>\n<\/tbody>\n<\/table>\n","protected":false},"excerpt":{"rendered":"<p>All talks will take place at Leacock 232. THURSDAY, MAY 21 10th Madagascar Workshop, held by the Indian Ocean World Centre at McGill Chair: Lisa Travis 4:00 &#8211; 5:00pm Madagascar Workshop Plenary Talk Alexander Adelaar (Tokyo University of Foreign Studies) Contact between Austronesian and African languages: a short overview 5:00 &#8211; 6:00pm AFLA Plenary Talk [&hellip;]<\/p>\n","protected":false},"author":3,"featured_media":0,"parent":0,"menu_order":0,"comment_status":"closed","ping_status":"closed","template":"","meta":{"footnotes":""},"class_list":["post-96","page","type-page","status-publish","hentry"],"jetpack_sharing_enabled":true,"_links":{"self":[{"href":"https:\/\/lingconf.com\/afla22\/wp-json\/wp\/v2\/pages\/96","targetHints":{"allow":["GET"]}}],"collection":[{"href":"https:\/\/lingconf.com\/afla22\/wp-json\/wp\/v2\/pages"}],"about":[{"href":"https:\/\/lingconf.com\/afla22\/wp-json\/wp\/v2\/types\/page"}],"author":[{"embeddable":true,"href":"https:\/\/lingconf.com\/afla22\/wp-json\/wp\/v2\/users\/3"}],"replies":[{"embeddable":true,"href":"https:\/\/lingconf.com\/afla22\/wp-json\/wp\/v2\/comments?post=96"}],"version-history":[{"count":112,"href":"https:\/\/lingconf.com\/afla22\/wp-json\/wp\/v2\/pages\/96\/revisions"}],"predecessor-version":[{"id":344,"href":"https:\/\/lingconf.com\/afla22\/wp-json\/wp\/v2\/pages\/96\/revisions\/344"}],"wp:attachment":[{"href":"https:\/\/lingconf.com\/afla22\/wp-json\/wp\/v2\/media?parent=96"}],"curies":[{"name":"wp","href":"https:\/\/api.w.org\/{rel}","templated":true}]}}